{"id":323,"date":"2016-10-12T23:33:47","date_gmt":"2016-10-12T21:33:47","guid":{"rendered":"http:\/\/www.siremar-in-as.it\/?page_id=323"},"modified":"2023-10-18T13:04:52","modified_gmt":"2023-10-18T11:04:52","slug":"contatti","status":"publish","type":"page","link":"http:\/\/www.siremar-in-as.it\/?page_id=323","title":{"rendered":"Contatti"},"content":{"rendered":"<div>\n<p><img decoding=\"async\" class=\"size-full wp-image-8 aligncenter\" src=\"http:\/\/www.siremar-in-as.it\/wp-content\/uploads\/2016\/10\/logotirr_as3.gif\" alt=\"logotirr_as3\" width=\"248\" height=\"86\" \/><\/p>\n<p>Sede Legale: Via San Nicola da Tolentino &#8211; 00187 Roma<br \/>\nPosta Elettronica: <a class=\"ApplyClass\" href=\"mailto:segreteria@siremar-in-as.it\">segreteria@siremar-in-as.it<\/a><br \/>\nPosta Elettronica Certificata: <a href=\"mailto:siremar-in-as@legalmail.it\">siremar-in-as@legalmail.it , <\/a><a href=\"mailto:as4.2010roma@pecamministrazionestraordinaria.it\">as4.2010roma@pecamministrazionestraordinaria.it<\/a><\/p>\n<table border=\"0\" width=\"100{dbb78cb1dc13b8fa381e27a0ed934ef727bfd1deb7bd4e2846a77dcbf65544de}\" cellspacing=\"0\" cellpadding=\"0\">\n<tbody>\n<tr>\n<td valign=\"top\">\n<div id=\"div\" class=\"ms-WPBody\">\n<p>Per informazioni inerenti <strong><em>ex-Dipendenti<\/em><\/strong> e <strong><em>Finanziarie<\/em><\/strong> relativamente a:<\/p>\n<ul>\n<li>Trattamento Fine Rapporto<\/li>\n<li>Cessioni del Quinto<\/li>\n<\/ul>\n<p>\u00e8 disponibile, il marted\u00ec e il gioved\u00ec dalle 10:00 alle 13:00, il seguente contatto telefonico:<\/p>\n<h1>06 42009820<\/h1>\n<\/div>\n<\/td>\n<\/tr>\n<\/tbody>\n<\/table>\n<\/div>\n<div style=\"text-align: center;\"><\/div>\n<div style=\"text-align: left;\">\n<div><\/div>\n<\/div>\n<div><\/div>\n","protected":false},"excerpt":{"rendered":"<p>Sede Legale: Via San Nicola da Tolentino &#8211; 00187 Roma Posta Elettronica: segreteria@siremar-in-as.it Posta Elettronica Certificata: siremar-in-as@legalmail.it , as4.2010roma@pecamministrazionestraordinaria.it Per informazioni inerenti ex-Dipendenti e Finanziarie relativamente a: Trattamento Fine Rapporto Cessioni del Quinto \u00e8 disponibile, il marted\u00ec e il gioved\u00ec dalle 10:00 alle 13:00, il seguente contatto telefonico: 06 42009820<\/p>\n","protected":false},"author":1,"featured_media":0,"parent":0,"menu_order":0,"comment_status":"closed","ping_status":"closed","template":"","meta":{"footnotes":""},"class_list":["post-323","page","type-page","status-publish","hentry"],"_links":{"self":[{"href":"http:\/\/www.siremar-in-as.it\/index.php?rest_route=\/wp\/v2\/pages\/323","targetHints":{"allow":["GET"]}}],"collection":[{"href":"http:\/\/www.siremar-in-as.it\/index.php?rest_route=\/wp\/v2\/pages"}],"about":[{"href":"http:\/\/www.siremar-in-as.it\/index.php?rest_route=\/wp\/v2\/types\/page"}],"author":[{"embeddable":true,"href":"http:\/\/www.siremar-in-as.it\/index.php?rest_route=\/wp\/v2\/users\/1"}],"replies":[{"embeddable":true,"href":"http:\/\/www.siremar-in-as.it\/index.php?rest_route=%2Fwp%2Fv2%2Fcomments&post=323"}],"version-history":[{"count":7,"href":"http:\/\/www.siremar-in-as.it\/index.php?rest_route=\/wp\/v2\/pages\/323\/revisions"}],"predecessor-version":[{"id":813,"href":"http:\/\/www.siremar-in-as.it\/index.php?rest_route=\/wp\/v2\/pages\/323\/revisions\/813"}],"wp:attachment":[{"href":"http:\/\/www.siremar-in-as.it\/index.php?rest_route=%2Fwp%2Fv2%2Fmedia&parent=323"}],"curies":[{"name":"wp","href":"https:\/\/api.w.org\/{rel}","templated":true}]}}