{"id":200,"date":"2016-10-12T20:15:09","date_gmt":"2016-10-12T18:15:09","guid":{"rendered":"http:\/\/www.siremar-in-as.it\/?page_id=200"},"modified":"2016-10-12T20:15:09","modified_gmt":"2016-10-12T18:15:09","slug":"comunicazione-commissario-straordinario-tirrenia","status":"publish","type":"page","link":"http:\/\/www.siremar-in-as.it\/?page_id=200","title":{"rendered":"Comunicazione Commissario Straordinario Tirrenia"},"content":{"rendered":"<p><img decoding=\"async\" class=\"size-full wp-image-8 aligncenter\" src=\"http:\/\/www.siremar-in-as.it\/wp-content\/uploads\/2016\/10\/logotirr_as3.gif\" alt=\"logotirr_as3\" width=\"248\" height=\"86\" \/><\/p>\n<p style=\"text-align: center;\"><strong>COMUNICATO STAMPA<\/strong><\/p>\n<p>Roma, 05 ottobre 2011 &#8211; Con riferimento al comunicato stampa della Commissione Europea di oggi in merito all\u2019avvio di una indagine formale sulle misure di sostegno dell\u2019Italia all\u2019ex Gruppo Tirrenia, il Commissario Straordinario, Dott. Giancarlo D\u2019Andrea rappresenta sin d\u2019ora la propria disponibilit\u00e0 alla massima collaborazione con i competenti Uffici al fine di fornire la pi\u00f9 ampia informazione sulle vicende e sui procedimenti di dismissione dei Compendi aziendali di Tirrenia e di Siremar.<\/p>\n<p>Tuttavia, in considerazione di alcune fuorvianti ed incomplete interpretazioni giornalistiche apparse sugli organi di stampa in merito ai fatti oggetto dell\u2019indagine avviata dall\u2019Unione Europea, sin d\u2019ora appare necessario chiarire che le procedure di dismissione dei Compendi aziendali di Tirrenia e Siremar si sono svolte nello scrupoloso rispetto delle condizioni e delle modalit\u00e0 preventivamente condivise con le competenti Autorit\u00e0 italiane ed europee, ci\u00f2 al fine di garantire, nell\u2019ambito dell\u2019amministrazione straordinaria, il conseguimento degli obiettivi di privatizzazione e liberalizzazione del settore del cabotaggio marittimo previsti dal diritto europeo.<\/p>\n<p>In particolare, in conformit\u00e0 agli indirizzi impartiti a livello comunitario, le suddette procedure si sono svolte secondo criteri di gara pienamente rispettosi dei principi di trasparenza e non discriminazione, escludendo sin dal principio la possibilit\u00e0 di addivenire ad una cessione a trattativa privata.<\/p>\n<p>Inoltre, al fine di assicurare procedure di gara aperte al pi\u00f9 ampio numero possibile di operatori di mercato, il perimetro dei compendi aziendali oggetto di cessione \u00e8 stato limitato ai soli asset e rapporti contrattuali funzionalmente indispensabili allo svolgimento del servizio pubblico, disponendo separate procedure di vendita per ogni ulteriore bene facente capo alle Societ\u00e0. Con il medesimo intento, nessun obbligo o onere aggiuntivo rispetto a quanto previsto dalla legge \u00e8 stato posto a carico dei potenziali acquirenti. Ci\u00f2 che ha consentito, all\u2019esito della pubblicazione di bandi di gara, di acquisire manifestazioni di interesse da parte di 21 soggetti nazionali, europei ed extraeuropei per Tirrenia e da parte di 5 operatori nazionali per Siremar.<\/p>\n<p>A detti soggetti \u00e8 stato garantito, nell\u2019arco di pi\u00f9 di 4 mesi, pieno accesso a tutte le informazioni di carattere industriale, economico, finanziario e legale concernenti i compendi aziendali, la loro esatta composizione e la relativa attivit\u00e0 di servizio pubblico, e sono stati altres\u00ec tempestivamente comunicati, con apposita lettera di procedura, i termini e le modalit\u00e0 di svolgimento della gara, nonch\u00e9 i criteri per l\u2019assegnazione dei compendi.<\/p>\n<p>In particolare, le menzionate lettere di procedura hanno stabilito, ai fini dell\u2019aggiudicazione della gara e dell\u2019eventuale raffronto delle offerte, il ricorso esclusivamente al criterio del prezzo pi\u00f9 alto, fermo restando che \u2013 in conformit\u00e0 a quanto previsto dalla legge \u2013 lo stesso non avrebbe comunque potuto essere inferiore al valore di mercato dei compendi aziendali come determinato, con perizia giurata, da primaria istituzione finanziaria in funzione di esperto indipendente.<\/p>\n<p>Con riferimento alla procedura relativa a Tirrenia, a seguito della presentazione da parte di Compagnia Italiana di Navigazione di un\u2019offerta d\u2019acquisto vincolante coerente con il valore economico del compendio aziendale si \u00e8 provveduto, onde assicurare la pi\u00f9 ampia trasparenza della gara, a rendere noti i termini e le condizioni di tale proposta a tutti i soggetti interessati alla procedura, garantendo agli stessi un ampio periodo di tempo per effettuare rilanci, senza tuttavia ricevere alcuna offerta migliorativa.<\/p>\n<p>La sottoscrizione del contratto di cessione del compendio aziendale di Tirrenia a favore di Compagnia Italiana di Navigazione, che ha avuto luogo il 25 luglio u.s., ha dunque costituito il legittimo esito di un procedimento pienamente trasparente e non discriminatorio ed \u00e8 oggi al vaglio della competente Autorit\u00e0\u00a0<em>antitrust<\/em>\u00a0europea.<\/p>\n<p>Ai medesimi criteri si \u00e8 informata la procedura di cessione del compendio aziendale facente capo a Siremar, anch\u2019essa ormai giunta alla fase conclusiva.<\/p>\n<p>In ogni caso, Tirrenia di Navigazione e Siremar &#8211; Sicilia Regionale Marittima continueranno ad assicurare \u2013come sinora fatto- la piena regolarit\u00e0 del pubblico servizio di cabotaggio marittimo, a garanzia della continuit\u00e0 territoriale prevista dalla vigente Convenzione.<\/p>\n<p>Il COMMISSARIO STRAORDINARIO<\/p>\n<p>Dott. Giancarlo D\u2019Andrea<\/p>\n<p><a href=\"http:\/\/www.siremar-in-as.it\/wp-content\/uploads\/ComunicazioneCommissarioStraordinarioTirrenia.pdf\">SCARICA IL DOCUMENTO<\/a><\/p>\n","protected":false},"excerpt":{"rendered":"<p>COMUNICATO STAMPA Roma, 05 ottobre 2011 &#8211; Con riferimento al comunicato stampa della Commissione Europea di oggi in merito all\u2019avvio di una indagine formale sulle misure di sostegno dell\u2019Italia all\u2019ex Gruppo Tirrenia, il Commissario Straordinario, Dott. Giancarlo D\u2019Andrea rappresenta sin d\u2019ora la propria disponibilit\u00e0 alla massima collaborazione con i competenti Uffici al fine di fornire [&hellip;]<\/p>\n","protected":false},"author":1,"featured_media":0,"parent":0,"menu_order":0,"comment_status":"closed","ping_status":"closed","template":"","meta":{"footnotes":""},"class_list":["post-200","page","type-page","status-publish","hentry"],"_links":{"self":[{"href":"http:\/\/www.siremar-in-as.it\/index.php?rest_route=\/wp\/v2\/pages\/200","targetHints":{"allow":["GET"]}}],"collection":[{"href":"http:\/\/www.siremar-in-as.it\/index.php?rest_route=\/wp\/v2\/pages"}],"about":[{"href":"http:\/\/www.siremar-in-as.it\/index.php?rest_route=\/wp\/v2\/types\/page"}],"author":[{"embeddable":true,"href":"http:\/\/www.siremar-in-as.it\/index.php?rest_route=\/wp\/v2\/users\/1"}],"replies":[{"embeddable":true,"href":"http:\/\/www.siremar-in-as.it\/index.php?rest_route=%2Fwp%2Fv2%2Fcomments&post=200"}],"version-history":[{"count":1,"href":"http:\/\/www.siremar-in-as.it\/index.php?rest_route=\/wp\/v2\/pages\/200\/revisions"}],"predecessor-version":[{"id":201,"href":"http:\/\/www.siremar-in-as.it\/index.php?rest_route=\/wp\/v2\/pages\/200\/revisions\/201"}],"wp:attachment":[{"href":"http:\/\/www.siremar-in-as.it\/index.php?rest_route=%2Fwp%2Fv2%2Fmedia&parent=200"}],"curies":[{"name":"wp","href":"https:\/\/api.w.org\/{rel}","templated":true}]}}